{"id":732,"date":"2021-10-28T10:47:48","date_gmt":"2021-10-28T10:47:48","guid":{"rendered":"http:\/\/franckycricketbackup.local\/?page_id=732"},"modified":"2024-05-31T09:27:04","modified_gmt":"2024-05-31T09:27:04","slug":"contact","status":"publish","type":"page","link":"https:\/\/franckycriquet.art\/en\/contact\/","title":{"rendered":"Contact"},"content":{"rendered":"\n<div class=\"wp-block-columns is-layout-flex wp-container-core-columns-is-layout-9d6595d7 wp-block-columns-is-layout-flex\">\n<div class=\"wp-block-column is-layout-flow wp-block-column-is-layout-flow\">\n<h2 class=\"wp-block-heading has-text-align-center\">Formulaire de contact<\/h2>\n\n\n<div class=\"wpforms-container wpforms-container-full\" id=\"wpforms-976\"><form id=\"wpforms-form-976\" class=\"wpforms-validate wpforms-form wpforms-ajax-form\" data-formid=\"976\" method=\"post\" enctype=\"multipart\/form-data\" action=\"\/en\/wp-json\/wp\/v2\/pages\/732\" data-token=\"d2649f9da82f30cf6d01a0db929416c4\" data-token-time=\"1776758622\"><noscript class=\"wpforms-error-noscript\">Please enable JavaScript in your browser to complete this form.<\/noscript><div class=\"wpforms-field-container\"><div id=\"wpforms-976-field_0-container\" class=\"wpforms-field wpforms-field-name\" data-field-id=\"0\"><label class=\"wpforms-field-label\">Nom <span class=\"wpforms-required-label\">*<\/span><\/label><div class=\"wpforms-field-row wpforms-field-medium\"><div class=\"wpforms-field-row-block wpforms-first wpforms-one-half\"><input type=\"text\" id=\"wpforms-976-field_0\" class=\"wpforms-field-name-first wpforms-field-required\" name=\"wpforms[fields][0][first]\" required><label for=\"wpforms-976-field_0\" class=\"wpforms-field-sublabel after\">First<\/label><\/div><div class=\"wpforms-field-row-block wpforms-one-half\"><input type=\"text\" id=\"wpforms-976-field_0-last\" class=\"wpforms-field-name-last wpforms-field-required\" name=\"wpforms[fields][0][last]\" required><label for=\"wpforms-976-field_0-last\" class=\"wpforms-field-sublabel after\">Last<\/label><\/div><\/div><\/div><div id=\"wpforms-976-field_1-container\" class=\"wpforms-field wpforms-field-email\" data-field-id=\"1\"><label class=\"wpforms-field-label\" for=\"wpforms-976-field_1\">E-mail <span class=\"wpforms-required-label\">*<\/span><\/label><input type=\"email\" id=\"wpforms-976-field_1\" class=\"wpforms-field-medium wpforms-field-required\" name=\"wpforms[fields][1]\" spellcheck=\"false\" required><\/div><div id=\"wpforms-976-field_2-container\" class=\"wpforms-field wpforms-field-textarea\" data-field-id=\"2\"><label class=\"wpforms-field-label\" for=\"wpforms-976-field_2\">Commentaire ou message<\/label><textarea id=\"wpforms-976-field_2\" class=\"wpforms-field-medium\" name=\"wpforms[fields][2]\" ><\/textarea><div class=\"wpforms-field-description\">Votre adresse e-mail est uniquement utilis\u00e9e pour r\u00e9pondre dans le cadre de votre demande.<\/div><\/div><\/div><!-- .wpforms-field-container --><div class=\"wpforms-recaptcha-container wpforms-is-hcaptcha\" ><div class=\"h-captcha\" data-sitekey=\"331e6672-f535-4add-810a-987c30b011ab\"><\/div><input type=\"text\" name=\"g-recaptcha-hidden\" class=\"wpforms-recaptcha-hidden\" style=\"position:absolute!important;clip:rect(0,0,0,0)!important;height:1px!important;width:1px!important;border:0!important;overflow:hidden!important;padding:0!important;margin:0!important;\" data-rule-hcaptcha=\"1\"><\/div><div class=\"wpforms-submit-container\" ><input type=\"hidden\" name=\"wpforms[id]\" value=\"976\"><input type=\"hidden\" name=\"page_title\" value=\"\"><input type=\"hidden\" name=\"page_url\" value=\"https:\/\/franckycriquet.art\/en\/wp-json\/wp\/v2\/pages\/732\"><input type=\"hidden\" name=\"url_referer\" value=\"\"><button type=\"submit\" name=\"wpforms[submit]\" id=\"wpforms-submit-976\" class=\"wpforms-submit\" data-alt-text=\"Envoi...\" data-submit-text=\"Envoyer\" aria-live=\"assertive\" value=\"wpforms-submit\">Envoyer<\/button><img loading=\"lazy\" decoding=\"async\" src=\"https:\/\/franckycriquet.art\/wp-content\/plugins\/wpforms-lite\/assets\/images\/submit-spin.svg\" class=\"wpforms-submit-spinner\" style=\"display: none;\" width=\"26\" height=\"26\" alt=\"Loading\"><\/div><\/form><\/div>  <!-- .wpforms-container -->\n<\/div>\n\n\n\n<div class=\"wp-block-column is-vertically-aligned-center is-layout-flow wp-block-column-is-layout-flow\">\n<p class=\"has-text-align-center\">Francky CRIQUET<br>17, Saugr\u00e9<br>49700 D\u00e9nez\u00e9-sous-Dou\u00e9<\/p>\n\n\n\n<p class=\"has-text-align-center\"><br>T\u00e9l : <strong><a href=\"tel:+33241592578\" data-type=\"tel\" data-id=\"tel:+33241592578\">02 41 59 25 78<\/a><\/strong><br>Mobile : <a href=\"tel:+33670830753\" data-type=\"tel\" data-id=\"tel:+33670830753\">06 70 83 07 53<\/a><\/p>\n\n\n\n<p class=\"has-text-align-center\"><a href=\"mailto:francky19.criquet@gmail.com\" data-type=\"mailto\" data-id=\"mailto:francky19.criquet@gmail.com\">francky.criquet19@gmail.com<\/a><\/p>\n<\/div>\n<\/div>\n\n\n\n<p><\/p>\n","protected":false},"excerpt":{"rendered":"<p>Formulaire de contact Francky CRIQUET17, Saugr\u00e949700 D\u00e9nez\u00e9-sous-Dou\u00e9 T\u00e9l : 02 41 59 25 78Mobile : 06 70 83 07 53 francky.criquet19@gmail.com<\/p>","protected":false},"author":1,"featured_media":0,"parent":0,"menu_order":0,"comment_status":"closed","ping_status":"closed","template":"","meta":{"footnotes":""},"class_list":["post-732","page","type-page","status-publish","hentry"],"_links":{"self":[{"href":"https:\/\/franckycriquet.art\/en\/wp-json\/wp\/v2\/pages\/732","targetHints":{"allow":["GET"]}}],"collection":[{"href":"https:\/\/franckycriquet.art\/en\/wp-json\/wp\/v2\/pages"}],"about":[{"href":"https:\/\/franckycriquet.art\/en\/wp-json\/wp\/v2\/types\/page"}],"author":[{"embeddable":true,"href":"https:\/\/franckycriquet.art\/en\/wp-json\/wp\/v2\/users\/1"}],"replies":[{"embeddable":true,"href":"https:\/\/franckycriquet.art\/en\/wp-json\/wp\/v2\/comments?post=732"}],"version-history":[{"count":5,"href":"https:\/\/franckycriquet.art\/en\/wp-json\/wp\/v2\/pages\/732\/revisions"}],"predecessor-version":[{"id":1049,"href":"https:\/\/franckycriquet.art\/en\/wp-json\/wp\/v2\/pages\/732\/revisions\/1049"}],"wp:attachment":[{"href":"https:\/\/franckycriquet.art\/en\/wp-json\/wp\/v2\/media?parent=732"}],"curies":[{"name":"wp","href":"https:\/\/api.w.org\/{rel}","templated":true}]}}